{"id":1854,"date":"2020-12-16T16:10:45","date_gmt":"2020-12-16T15:10:45","guid":{"rendered":"https:\/\/vinosa.it\/?page_id=1854"},"modified":"2021-11-29T08:13:48","modified_gmt":"2021-11-29T07:13:48","slug":"cruciverba-di-natale","status":"publish","type":"page","link":"https:\/\/vinosa.it\/en\/giochi-vinosi\/cruciverba-di-natale\/","title":{"rendered":"Cruciverba di Natale"},"content":{"rendered":"\n<p>Ecco un bel cruciverba vinOso. Cosa c&#8217;\u00e8 di meglio tra una fetta di panettone e una bottiglia di spumante?<\/p>\n\n\n\n<p>Buon divertimento!<\/p>\n\n\n\n<p>P.S. Il cruciverba \u00e8 dinamico, quindi \u00e8 possibile che a volte la visualizzazione non sia all&#8217;interno dello spazio bianco. Basta ricaricare la pagina fino a che non arriva alla composizione che pi\u00f9 vi piace.<\/p>\n\n\n\n<div class=\"crossword_wrapper\"><div class=\"wha-row wha-crossword-row\"><div class=\"wha-crossword-container\"><div class=\"wha-center wha-crossword\" id=\"wha-crossword\"><\/div><br\/><\/div><\/div><div class=\"wha-center wha-crossword-questions\"><div class=\"wha-line\">\r\n                      <input class=\"wha-word\" data-counter=\"1\" type=\"hidden\" value=\"sauvignon\"\/>\r\n                      <div class=\"wha-clue\" data-counter=\"1\">1. \u00c8 famoso quello della Loira<\/div>\r\n                      <\/div><div class=\"wha-line\">\r\n                      <input class=\"wha-word\" data-counter=\"2\" type=\"hidden\" value=\"fillossera\"\/>\r\n                      <div class=\"wha-clue\" data-counter=\"2\">2. Fastidiosissimo insetto che attacca le radici delle viti<\/div>\r\n                      <\/div><div class=\"wha-line\">\r\n                      <input class=\"wha-word\" data-counter=\"3\" type=\"hidden\" value=\"pinot\"\/>\r\n                      <div class=\"wha-clue\" data-counter=\"3\">3. Prende il nome dal frutto degli abeti<\/div>\r\n                      <\/div><div class=\"wha-line\">\r\n                      <input class=\"wha-word\" data-counter=\"4\" type=\"hidden\" value=\"dorona\"\/>\r\n                      <div class=\"wha-clue\" data-counter=\"4\">4. Tipico vitigno autoctono della laguna veneta<\/div>\r\n                      <\/div><div class=\"wha-line\">\r\n                      <input class=\"wha-word\" data-counter=\"5\" type=\"hidden\" value=\"suolo\"\/>\r\n                      <div class=\"wha-clue\" data-counter=\"5\">5. Se ne occupa la pedologia<\/div>\r\n                      <\/div><div class=\"wha-line\">\r\n                      <input class=\"wha-word\" data-counter=\"6\" type=\"hidden\" value=\"grillo\"\/>\r\n                      <div class=\"wha-clue\" data-counter=\"6\">6. \u00c8 l&#039;incrocio tra catarratto e zibibbo<\/div>\r\n                      <\/div><div class=\"wha-line\">\r\n                      <input class=\"wha-word\" data-counter=\"7\" type=\"hidden\" value=\"chardonnay\"\/>\r\n                      <div class=\"wha-clue\" data-counter=\"7\">7. Tipico vitigno dello champagne<\/div>\r\n                      <\/div><div class=\"wha-line\">\r\n                      <input class=\"wha-word\" data-counter=\"8\" type=\"hidden\" value=\"glera\"\/>\r\n                      <div class=\"wha-clue\" data-counter=\"8\">8. L&#039;uva del Prosecco<\/div>\r\n                      <\/div><div class=\"wha-line\">\r\n                      <input class=\"wha-word\" data-counter=\"9\" type=\"hidden\" value=\"Cotedenuits\"\/>\r\n                      <div class=\"wha-clue\" data-counter=\"9\">9. La parte nord della Cote d&#039;Or<\/div>\r\n                      <\/div><div class=\"wha-line\">\r\n                      <input class=\"wha-word\" data-counter=\"10\" type=\"hidden\" value=\"sassicaia\"\/>\r\n                      <div class=\"wha-clue\" data-counter=\"10\">10. Famoso vino toscano<\/div>\r\n                      <\/div><div class=\"wha-line\">\r\n                      <input class=\"wha-word\" data-counter=\"11\" type=\"hidden\" value=\"tintilia\"\/>\r\n                      <div class=\"wha-clue\" data-counter=\"11\">11. \u00c8 tipico del Molise<\/div>\r\n                      <\/div><div class=\"wha-line\">\r\n                      <input class=\"wha-word\" data-counter=\"12\" type=\"hidden\" value=\"cabernet\"\/>\r\n                      <div class=\"wha-clue\" data-counter=\"12\">12. Il vino del peperone verde<\/div>\r\n                      <\/div><div class=\"wha-line\">\r\n                      <input class=\"wha-word\" data-counter=\"13\" type=\"hidden\" value=\"taurasi\"\/>\r\n                      <div class=\"wha-clue\" data-counter=\"13\">13. Famosa DOCG di Avellino<\/div>\r\n                      <\/div><div class=\"wha-line\">\r\n                      <input class=\"wha-word\" data-counter=\"14\" type=\"hidden\" value=\"nebbiolo\"\/>\r\n                      <div class=\"wha-clue\" data-counter=\"14\">14. Ha il suo luogo di eccellenza in Piemonte<\/div>\r\n                      <\/div><div class=\"wha-line\">\r\n                      <input class=\"wha-word\" data-counter=\"15\" type=\"hidden\" value=\"terziari\"\/>\r\n                      <div class=\"wha-clue\" data-counter=\"15\">15. L&#039;odore di smalto ne fa parte<\/div>\r\n                      <\/div><div class=\"wha-line\">\r\n                      <input class=\"wha-word\" data-counter=\"16\" type=\"hidden\" value=\"terpeni\"\/>\r\n                      <div class=\"wha-clue\" data-counter=\"16\">16. Tipici aromi del vitigno<\/div>\r\n                      <\/div><div class=\"wha-line\">\r\n                      <input class=\"wha-word\" data-counter=\"17\" type=\"hidden\" value=\"glicosilati\"\/>\r\n                      <div class=\"wha-clue\" data-counter=\"17\">17. Lo sono spesso i precursori di aroma prima della fermentazione<\/div>\r\n                      <\/div><div class=\"wha-line\">\r\n                      <input class=\"wha-word\" data-counter=\"18\" type=\"hidden\" value=\"gamay\"\/>\r\n                      <div class=\"wha-clue\" data-counter=\"18\">18. Nel 1395 Filippo l&#039;Ardito lo fece sradicare a favore del Pinot Noir<\/div>\r\n                      <\/div><div class=\"wha-line\">\r\n                      <input class=\"wha-word\" data-counter=\"19\" type=\"hidden\" value=\"brachetto\"\/>\r\n                      <div class=\"wha-clue\" data-counter=\"19\">19. \u00c8 un tipico vitigno aromatico<\/div>\r\n                      <\/div><div class=\"wha-line\">\r\n                      <input class=\"wha-word\" data-counter=\"20\" type=\"hidden\" value=\"bordolese\"\/>\r\n                      <div class=\"wha-clue\" data-counter=\"20\">20. Il famoso taglio a base di vini rossi<\/div>\r\n                      <\/div><\/div><\/div><div class=\"clearfix\"><\/div><style><\/style><script><\/script><script>\r\n        \/* <![CDATA[ *\/\r\n        var optional_crossword_vars = {\r\n            'whacw_optional_bg_color':'FFFFFF',\r\n            'whacw_optional_border_color':'781738',\r\n            'whacw_optional_text_color':'000000',\r\n            'whacw_optional_question_color':'000000',\r\n            'whacw_optional_counter_color':'000000',\r\n            'whacw_use_global_options':'no',\r\n            'whacw_correct_ansver':'yes',\r\n            'whacw_incorrect_ansver':'yes',\r\n            'whacw_align_question':'bottom',            \r\n            'whacw_question_width':'2000'            \r\n        };\r\n        \/* ]]> *\/\r\n        <\/script><div id=\"modal_form_crossword\">\r\n                    <span id=\"modal_close\">X<\/span>\r\n                    <div class=\"content\">&nbsp;\r\n<p style=\"text-align: center;\"><strong><span style=\"font-family: 'book antiqua', palatino; font-size: 24pt; color: #993366;\">Complimenti!<\/span><\/strong><\/p>\r\n<p style=\"text-align: center;\"><span style=\"color: #993366; font-size: 14pt;\">Hai completato il cruci-VinOso di Natale<\/span><\/p>\r\n<img loading=\"lazy\" decoding=\"async\" class=\"wp-image-682 aligncenter\" src=\"https:\/\/vinosa.it\/wp-content\/uploads\/2020\/06\/Avatar-ospiti-Vinosa-300x300.jpg\" alt=\"\" width=\"156\" height=\"157\" srcset=\"https:\/\/vinosa.it\/wp-content\/uploads\/2020\/06\/Avatar-ospiti-Vinosa-300x300.jpg 300w, https:\/\/vinosa.it\/wp-content\/uploads\/2020\/06\/Avatar-ospiti-Vinosa-150x150.jpg 150w, https:\/\/vinosa.it\/wp-content\/uploads\/2020\/06\/Avatar-ospiti-Vinosa-400x400.jpg 400w, https:\/\/vinosa.it\/wp-content\/uploads\/2020\/06\/Avatar-ospiti-Vinosa.jpg 512w\" sizes=\"(max-width: 156px) 100vw, 156px\" \/>\r\n\r\n&nbsp;<\/div>\r\n                  <\/div>\r\n                  <div id=\"overlay\"><\/div>\n","protected":false},"excerpt":{"rendered":"<p><span class=\"span-reading-time rt-reading-time\" style=\"display: block;\"><span class=\"rt-label rt-prefix\">Tempo di lettura: <\/span> <span class=\"rt-time\"> &lt; 1<\/span> <span class=\"rt-label rt-postfix\">minuto<\/span><\/span>Ecco un bel cruciverba vinOso. Cosa c&#8217;\u00e8 di meglio tra una fetta di panettone e una bottiglia di spumante? Buon divertimento! P.S. Il cruciverba \u00e8 dinamico, quindi \u00e8 possibile che a volte la visualizzazione non sia all&#8217;interno dello spazio bianco. Basta ricaricare la pagina fino a che non arriva alla composizione che pi\u00f9 vi piace.<\/p>\n","protected":false},"author":1,"featured_media":1846,"parent":321,"menu_order":1,"comment_status":"closed","ping_status":"closed","template":"","meta":{"content-type":"","_uag_custom_page_level_css":"","jetpack_post_was_ever_published":false,"footnotes":""},"categories":[364],"tags":[],"class_list":["post-1854","page","type-page","status-publish","has-post-thumbnail","hentry","category-cruciverba"],"yoast_head":"<!-- This site is optimized with the Yoast SEO plugin v23.6 - https:\/\/yoast.com\/wordpress\/plugins\/seo\/ -->\n<title>Cruciverba di Natale - VinOsa<\/title>\n<meta name=\"description\" content=\"Vuoi metterti alla prova con un breve e facile cruciverba vinoso? A Natale puoi, anche giocare e dimostrare quanto ne sai di vino! Buon divertimento!\" \/>\n<meta name=\"robots\" content=\"index, follow, max-snippet:-1, max-image-preview:large, max-video-preview:-1\" \/>\n<link rel=\"canonical\" href=\"https:\/\/vinosa.it\/en\/giochi-vinosi\/cruciverba-di-natale\/\" \/>\n<meta property=\"og:locale\" content=\"en_US\" \/>\n<meta property=\"og:type\" content=\"article\" \/>\n<meta property=\"og:title\" content=\"Cruciverba di Natale - VinOsa\" \/>\n<meta property=\"og:description\" content=\"Vuoi metterti alla prova con un breve e facile cruciverba vinoso? A Natale puoi, anche giocare e dimostrare quanto ne sai di vino! Buon divertimento!\" \/>\n<meta property=\"og:url\" content=\"https:\/\/vinosa.it\/en\/giochi-vinosi\/cruciverba-di-natale\/\" \/>\n<meta property=\"og:site_name\" content=\"VinOsa\" \/>\n<meta property=\"article:publisher\" content=\"https:\/\/www.facebook.com\/leviamoicalici\/?modal=admin_todo_tour\" \/>\n<meta property=\"article:modified_time\" content=\"2021-11-29T07:13:48+00:00\" \/>\n<meta property=\"og:image\" content=\"https:\/\/vinosa.it\/wp-content\/uploads\/2020\/12\/giochi-natalizi.jpg\" \/>\n\t<meta property=\"og:image:width\" content=\"633\" \/>\n\t<meta property=\"og:image:height\" content=\"400\" \/>\n\t<meta property=\"og:image:type\" content=\"image\/jpeg\" \/>\n<meta name=\"twitter:card\" content=\"summary_large_image\" \/>\n<meta name=\"twitter:site\" content=\"@it\" \/>\n<meta name=\"twitter:label1\" content=\"Est. reading time\" \/>\n\t<meta name=\"twitter:data1\" content=\"1 minute\" \/>\n<script type=\"application\/ld+json\" class=\"yoast-schema-graph\">{\"@context\":\"https:\/\/schema.org\",\"@graph\":[{\"@type\":\"WebPage\",\"@id\":\"https:\/\/vinosa.it\/en\/giochi-vinosi\/cruciverba-di-natale\/\",\"url\":\"https:\/\/vinosa.it\/en\/giochi-vinosi\/cruciverba-di-natale\/\",\"name\":\"Cruciverba di Natale - VinOsa\",\"isPartOf\":{\"@id\":\"https:\/\/vinosa.it\/en\/#website\"},\"primaryImageOfPage\":{\"@id\":\"https:\/\/vinosa.it\/en\/giochi-vinosi\/cruciverba-di-natale\/#primaryimage\"},\"image\":{\"@id\":\"https:\/\/vinosa.it\/en\/giochi-vinosi\/cruciverba-di-natale\/#primaryimage\"},\"thumbnailUrl\":\"https:\/\/vinosa.it\/wp-content\/uploads\/2020\/12\/giochi-natalizi.jpg\",\"datePublished\":\"2020-12-16T15:10:45+00:00\",\"dateModified\":\"2021-11-29T07:13:48+00:00\",\"description\":\"Vuoi metterti alla prova con un breve e facile cruciverba vinoso? A Natale puoi, anche giocare e dimostrare quanto ne sai di vino! Buon divertimento!\",\"breadcrumb\":{\"@id\":\"https:\/\/vinosa.it\/en\/giochi-vinosi\/cruciverba-di-natale\/#breadcrumb\"},\"inLanguage\":\"en-US\",\"potentialAction\":[{\"@type\":\"ReadAction\",\"target\":[\"https:\/\/vinosa.it\/en\/giochi-vinosi\/cruciverba-di-natale\/\"]}]},{\"@type\":\"ImageObject\",\"inLanguage\":\"en-US\",\"@id\":\"https:\/\/vinosa.it\/en\/giochi-vinosi\/cruciverba-di-natale\/#primaryimage\",\"url\":\"https:\/\/vinosa.it\/wp-content\/uploads\/2020\/12\/giochi-natalizi.jpg\",\"contentUrl\":\"https:\/\/vinosa.it\/wp-content\/uploads\/2020\/12\/giochi-natalizi.jpg\",\"width\":633,\"height\":400},{\"@type\":\"BreadcrumbList\",\"@id\":\"https:\/\/vinosa.it\/en\/giochi-vinosi\/cruciverba-di-natale\/#breadcrumb\",\"itemListElement\":[{\"@type\":\"ListItem\",\"position\":1,\"name\":\"Home\",\"item\":\"https:\/\/vinosa.it\/en\/\"},{\"@type\":\"ListItem\",\"position\":2,\"name\":\"Giochi\",\"item\":\"https:\/\/vinosa.it\/en\/giochi-vinosi\/\"},{\"@type\":\"ListItem\",\"position\":3,\"name\":\"Cruciverba di Natale\"}]},{\"@type\":\"WebSite\",\"@id\":\"https:\/\/vinosa.it\/en\/#website\",\"url\":\"https:\/\/vinosa.it\/en\/\",\"name\":\"VinOsa\",\"description\":\"passeggiate temerarie tra i bicchieri\",\"publisher\":{\"@id\":\"https:\/\/vinosa.it\/en\/#\/schema\/person\/376eb1d13ed81492fd979224d7ecf9c3\"},\"potentialAction\":[{\"@type\":\"SearchAction\",\"target\":{\"@type\":\"EntryPoint\",\"urlTemplate\":\"https:\/\/vinosa.it\/en\/?s={search_term_string}\"},\"query-input\":{\"@type\":\"PropertyValueSpecification\",\"valueRequired\":true,\"valueName\":\"search_term_string\"}}],\"inLanguage\":\"en-US\"},{\"@type\":[\"Person\",\"Organization\"],\"@id\":\"https:\/\/vinosa.it\/en\/#\/schema\/person\/376eb1d13ed81492fd979224d7ecf9c3\",\"name\":\"vinosa\",\"image\":{\"@type\":\"ImageObject\",\"inLanguage\":\"en-US\",\"@id\":\"https:\/\/vinosa.it\/en\/#\/schema\/person\/image\/\",\"url\":\"https:\/\/vinosa.it\/wp-content\/uploads\/2021\/05\/cropped-cropped-VinOsa-new-trasparente-2-2.png\",\"contentUrl\":\"https:\/\/vinosa.it\/wp-content\/uploads\/2021\/05\/cropped-cropped-VinOsa-new-trasparente-2-2.png\",\"width\":697,\"height\":225,\"caption\":\"vinosa\"},\"logo\":{\"@id\":\"https:\/\/vinosa.it\/en\/#\/schema\/person\/image\/\"},\"sameAs\":[\"http:\/\/www.vinosa.it\",\"https:\/\/www.facebook.com\/leviamoicalici\/?modal=admin_todo_tour\",\"https:\/\/www.instagram.com\/vin.osa\/?hl=it\",\"https:\/\/x.com\/leviamoicalici@vinosa.it\"]}]}<\/script>\n<!-- \/ Yoast SEO plugin. -->","yoast_head_json":{"title":"Cruciverba di Natale - VinOsa","description":"Vuoi metterti alla prova con un breve e facile cruciverba vinoso? A Natale puoi, anche giocare e dimostrare quanto ne sai di vino! Buon divertimento!","robots":{"index":"index","follow":"follow","max-snippet":"max-snippet:-1","max-image-preview":"max-image-preview:large","max-video-preview":"max-video-preview:-1"},"canonical":"https:\/\/vinosa.it\/en\/giochi-vinosi\/cruciverba-di-natale\/","og_locale":"en_US","og_type":"article","og_title":"Cruciverba di Natale - VinOsa","og_description":"Vuoi metterti alla prova con un breve e facile cruciverba vinoso? A Natale puoi, anche giocare e dimostrare quanto ne sai di vino! Buon divertimento!","og_url":"https:\/\/vinosa.it\/en\/giochi-vinosi\/cruciverba-di-natale\/","og_site_name":"VinOsa","article_publisher":"https:\/\/www.facebook.com\/leviamoicalici\/?modal=admin_todo_tour","article_modified_time":"2021-11-29T07:13:48+00:00","og_image":[{"width":633,"height":400,"url":"https:\/\/vinosa.it\/wp-content\/uploads\/2020\/12\/giochi-natalizi.jpg","type":"image\/jpeg"}],"twitter_card":"summary_large_image","twitter_site":"@it","twitter_misc":{"Est. reading time":"1 minute"},"schema":{"@context":"https:\/\/schema.org","@graph":[{"@type":"WebPage","@id":"https:\/\/vinosa.it\/en\/giochi-vinosi\/cruciverba-di-natale\/","url":"https:\/\/vinosa.it\/en\/giochi-vinosi\/cruciverba-di-natale\/","name":"Cruciverba di Natale - VinOsa","isPartOf":{"@id":"https:\/\/vinosa.it\/en\/#website"},"primaryImageOfPage":{"@id":"https:\/\/vinosa.it\/en\/giochi-vinosi\/cruciverba-di-natale\/#primaryimage"},"image":{"@id":"https:\/\/vinosa.it\/en\/giochi-vinosi\/cruciverba-di-natale\/#primaryimage"},"thumbnailUrl":"https:\/\/vinosa.it\/wp-content\/uploads\/2020\/12\/giochi-natalizi.jpg","datePublished":"2020-12-16T15:10:45+00:00","dateModified":"2021-11-29T07:13:48+00:00","description":"Vuoi metterti alla prova con un breve e facile cruciverba vinoso? A Natale puoi, anche giocare e dimostrare quanto ne sai di vino! Buon divertimento!","breadcrumb":{"@id":"https:\/\/vinosa.it\/en\/giochi-vinosi\/cruciverba-di-natale\/#breadcrumb"},"inLanguage":"en-US","potentialAction":[{"@type":"ReadAction","target":["https:\/\/vinosa.it\/en\/giochi-vinosi\/cruciverba-di-natale\/"]}]},{"@type":"ImageObject","inLanguage":"en-US","@id":"https:\/\/vinosa.it\/en\/giochi-vinosi\/cruciverba-di-natale\/#primaryimage","url":"https:\/\/vinosa.it\/wp-content\/uploads\/2020\/12\/giochi-natalizi.jpg","contentUrl":"https:\/\/vinosa.it\/wp-content\/uploads\/2020\/12\/giochi-natalizi.jpg","width":633,"height":400},{"@type":"BreadcrumbList","@id":"https:\/\/vinosa.it\/en\/giochi-vinosi\/cruciverba-di-natale\/#breadcrumb","itemListElement":[{"@type":"ListItem","position":1,"name":"Home","item":"https:\/\/vinosa.it\/en\/"},{"@type":"ListItem","position":2,"name":"Giochi","item":"https:\/\/vinosa.it\/en\/giochi-vinosi\/"},{"@type":"ListItem","position":3,"name":"Cruciverba di Natale"}]},{"@type":"WebSite","@id":"https:\/\/vinosa.it\/en\/#website","url":"https:\/\/vinosa.it\/en\/","name":"VinOsa","description":"passeggiate temerarie tra i bicchieri","publisher":{"@id":"https:\/\/vinosa.it\/en\/#\/schema\/person\/376eb1d13ed81492fd979224d7ecf9c3"},"potentialAction":[{"@type":"SearchAction","target":{"@type":"EntryPoint","urlTemplate":"https:\/\/vinosa.it\/en\/?s={search_term_string}"},"query-input":{"@type":"PropertyValueSpecification","valueRequired":true,"valueName":"search_term_string"}}],"inLanguage":"en-US"},{"@type":["Person","Organization"],"@id":"https:\/\/vinosa.it\/en\/#\/schema\/person\/376eb1d13ed81492fd979224d7ecf9c3","name":"vinosa","image":{"@type":"ImageObject","inLanguage":"en-US","@id":"https:\/\/vinosa.it\/en\/#\/schema\/person\/image\/","url":"https:\/\/vinosa.it\/wp-content\/uploads\/2021\/05\/cropped-cropped-VinOsa-new-trasparente-2-2.png","contentUrl":"https:\/\/vinosa.it\/wp-content\/uploads\/2021\/05\/cropped-cropped-VinOsa-new-trasparente-2-2.png","width":697,"height":225,"caption":"vinosa"},"logo":{"@id":"https:\/\/vinosa.it\/en\/#\/schema\/person\/image\/"},"sameAs":["http:\/\/www.vinosa.it","https:\/\/www.facebook.com\/leviamoicalici\/?modal=admin_todo_tour","https:\/\/www.instagram.com\/vin.osa\/?hl=it","https:\/\/x.com\/leviamoicalici@vinosa.it"]}]}},"jetpack_sharing_enabled":true,"uagb_featured_image_src":{"full":["https:\/\/vinosa.it\/wp-content\/uploads\/2020\/12\/giochi-natalizi.jpg",633,400,false],"thumbnail":["https:\/\/vinosa.it\/wp-content\/uploads\/2020\/12\/giochi-natalizi-150x150.jpg",150,150,true],"medium":["https:\/\/vinosa.it\/wp-content\/uploads\/2020\/12\/giochi-natalizi-300x190.jpg",300,190,true],"medium_large":["https:\/\/vinosa.it\/wp-content\/uploads\/2020\/12\/giochi-natalizi.jpg",633,400,false],"large":["https:\/\/vinosa.it\/wp-content\/uploads\/2020\/12\/giochi-natalizi.jpg",633,400,false],"1536x1536":["https:\/\/vinosa.it\/wp-content\/uploads\/2020\/12\/giochi-natalizi.jpg",633,400,false],"2048x2048":["https:\/\/vinosa.it\/wp-content\/uploads\/2020\/12\/giochi-natalizi.jpg",633,400,false],"mbt_book_image":["https:\/\/vinosa.it\/wp-content\/uploads\/2020\/12\/giochi-natalizi.jpg",633,400,false],"mbt_endorsement_image":["https:\/\/vinosa.it\/wp-content\/uploads\/2020\/12\/giochi-natalizi.jpg",633,400,false],"post-thumbnail":["https:\/\/vinosa.it\/wp-content\/uploads\/2020\/12\/giochi-natalizi-300x190.jpg",300,190,true],"flatmagazinews-grid":["https:\/\/vinosa.it\/wp-content\/uploads\/2020\/12\/giochi-natalizi-350x230.jpg",350,230,true],"flatmagazinews-slider":["https:\/\/vinosa.it\/wp-content\/uploads\/2020\/12\/giochi-natalizi.jpg",633,400,false],"flatmagazinews-small":["https:\/\/vinosa.it\/wp-content\/uploads\/2020\/12\/giochi-natalizi-300x180.jpg",300,180,true],"yarpp-thumbnail":["https:\/\/vinosa.it\/wp-content\/uploads\/2020\/12\/giochi-natalizi.jpg",120,76,false],"awb_sm":["https:\/\/vinosa.it\/wp-content\/uploads\/2020\/12\/giochi-natalizi-500x316.jpg",500,316,true],"awb_md":["https:\/\/vinosa.it\/wp-content\/uploads\/2020\/12\/giochi-natalizi.jpg",633,400,false],"awb_lg":["https:\/\/vinosa.it\/wp-content\/uploads\/2020\/12\/giochi-natalizi.jpg",633,400,false],"awb_xl":["https:\/\/vinosa.it\/wp-content\/uploads\/2020\/12\/giochi-natalizi.jpg",633,400,false]},"uagb_author_info":{"display_name":"vinosa","author_link":"https:\/\/vinosa.it\/en\/author\/vinosa\/"},"uagb_comment_info":0,"uagb_excerpt":"Tempo di lettura: &lt; 1 minutoEcco un bel cruciverba vinOso. Cosa c&#8217;\u00e8 di meglio tra una fetta di panettone e una bottiglia di spumante? Buon divertimento! P.S. Il cruciverba \u00e8 dinamico, quindi \u00e8 possibile che a volte la visualizzazione non sia all&#8217;interno dello spazio bianco. Basta ricaricare la pagina fino a che non arriva alla&hellip;","jetpack_shortlink":"https:\/\/wp.me\/PbI5Es-tU","amp_enabled":true,"_links":{"self":[{"href":"https:\/\/vinosa.it\/en\/wp-json\/wp\/v2\/pages\/1854"}],"collection":[{"href":"https:\/\/vinosa.it\/en\/wp-json\/wp\/v2\/pages"}],"about":[{"href":"https:\/\/vinosa.it\/en\/wp-json\/wp\/v2\/types\/page"}],"author":[{"embeddable":true,"href":"https:\/\/vinosa.it\/en\/wp-json\/wp\/v2\/users\/1"}],"replies":[{"embeddable":true,"href":"https:\/\/vinosa.it\/en\/wp-json\/wp\/v2\/comments?post=1854"}],"version-history":[{"count":0,"href":"https:\/\/vinosa.it\/en\/wp-json\/wp\/v2\/pages\/1854\/revisions"}],"up":[{"embeddable":true,"href":"https:\/\/vinosa.it\/en\/wp-json\/wp\/v2\/pages\/321"}],"wp:featuredmedia":[{"embeddable":true,"href":"https:\/\/vinosa.it\/en\/wp-json\/wp\/v2\/media\/1846"}],"wp:attachment":[{"href":"https:\/\/vinosa.it\/en\/wp-json\/wp\/v2\/media?parent=1854"}],"wp:term":[{"taxonomy":"category","embeddable":true,"href":"https:\/\/vinosa.it\/en\/wp-json\/wp\/v2\/categories?post=1854"},{"taxonomy":"post_tag","embeddable":true,"href":"https:\/\/vinosa.it\/en\/wp-json\/wp\/v2\/tags?post=1854"}],"curies":[{"name":"wp","href":"https:\/\/api.w.org\/{rel}","templated":true}]}}