{"id":2332,"date":"2021-01-22T12:35:32","date_gmt":"2021-01-22T11:35:32","guid":{"rendered":"https:\/\/vinosa.it\/?page_id=2332"},"modified":"2021-11-29T08:21:42","modified_gmt":"2021-11-29T07:21:42","slug":"cruciverba-del-viticoltore","status":"publish","type":"page","link":"https:\/\/vinosa.it\/en\/giochi-vinosi\/cruciverba-del-viticoltore\/","title":{"rendered":"Cruciverba del Viticoltore"},"content":{"rendered":"\n<p class=\"has-drop-cap\">Mettiti alla prova e risolvi il nuovo giochino di Vinosa.<br>Questa volta il cruciverba \u00e8 dedicato ai viticoltori.<\/p>\n\n\n\n<p>P.S. Il cruciverba \u00e8 dinamico, quindi \u00e8 possibile che a volte la visualizzazione non sia all&#8217;interno dello spazio bianco. Basta ricaricare la pagina fino a che non arriva alla composizione che pi\u00f9 vi piace.<\/p>\n\n\n\n<div class=\"crossword_wrapper\"><div class=\"wha-row wha-crossword-row\"><div class=\"wha-crossword-container\"><div class=\"wha-center wha-crossword\" id=\"wha-crossword\"><\/div><br\/><\/div><\/div><div class=\"wha-center wha-crossword-questions\"><div class=\"wha-line\">\r\n                      <input class=\"wha-word\" data-counter=\"1\" type=\"hidden\" value=\"marne\"\/>\r\n                      <div class=\"wha-clue\" data-counter=\"1\">1. Terreni composti da una miscela di calcare e argilla<\/div>\r\n                      <\/div><div class=\"wha-line\">\r\n                      <input class=\"wha-word\" data-counter=\"2\" type=\"hidden\" value=\"2mm\"\/>\r\n                      <div class=\"wha-clue\" data-counter=\"2\">2. Misura dello scheletro del suolo maggiore di...<\/div>\r\n                      <\/div><div class=\"wha-line\">\r\n                      <input class=\"wha-word\" data-counter=\"3\" type=\"hidden\" value=\"chaptalisation\"\/>\r\n                      <div class=\"wha-clue\" data-counter=\"3\">3. Lo zuccheraggio dei mosti in Francia<\/div>\r\n                      <\/div><div class=\"wha-line\">\r\n                      <input class=\"wha-word\" data-counter=\"4\" type=\"hidden\" value=\"nordsud\"\/>\r\n                      <div class=\"wha-clue\" data-counter=\"4\">4. Generalmente ritenuto il miglior orientamento dei filari nelle zone settentrionali<\/div>\r\n                      <\/div><div class=\"wha-line\">\r\n                      <input class=\"wha-word\" data-counter=\"5\" type=\"hidden\" value=\"spalliera\"\/>\r\n                      <div class=\"wha-clue\" data-counter=\"5\">5. Sistema a portamento eretto<\/div>\r\n                      <\/div><div class=\"wha-line\">\r\n                      <input class=\"wha-word\" data-counter=\"6\" type=\"hidden\" value=\"6co26h2oc6h12o66o2\"\/>\r\n                      <div class=\"wha-clue\" data-counter=\"6\">6. Fotosintesi clorofilliana senza apici, pedici e altri segni<\/div>\r\n                      <\/div><div class=\"wha-line\">\r\n                      <input class=\"wha-word\" data-counter=\"7\" type=\"hidden\" value=\"potaturasecca\"\/>\r\n                      <div class=\"wha-clue\" data-counter=\"7\">7. Con questa viene deciso il numero di gemme che daranno origine ai grappoli<\/div>\r\n                      <\/div><div class=\"wha-line\">\r\n                      <input class=\"wha-word\" data-counter=\"8\" type=\"hidden\" value=\"spollonatura\"\/>\r\n                      <div class=\"wha-clue\" data-counter=\"8\">8. Pulizia delle viti dai germogli fuoriusciti dal tronco<\/div>\r\n                      <\/div><div class=\"wha-line\">\r\n                      <input class=\"wha-word\" data-counter=\"9\" type=\"hidden\" value=\"Botrytiscinerea\"\/>\r\n                      <div class=\"wha-clue\" data-counter=\"9\">9. La muffa nobile<\/div>\r\n                      <\/div><div class=\"wha-line\">\r\n                      <input class=\"wha-word\" data-counter=\"10\" type=\"hidden\" value=\"vinacciolo\"\/>\r\n                      <div class=\"wha-clue\" data-counter=\"10\">10. Rappresenta il 5 del peso dell&#039;acino<\/div>\r\n                      <\/div><div class=\"wha-line\">\r\n                      <input class=\"wha-word\" data-counter=\"11\" type=\"hidden\" value=\"polifenoli\"\/>\r\n                      <div class=\"wha-clue\" data-counter=\"11\">11. Lo sono i pigmenti e i tannini<\/div>\r\n                      <\/div><div class=\"wha-line\">\r\n                      <input class=\"wha-word\" data-counter=\"12\" type=\"hidden\" value=\"pruina\"\/>\r\n                      <div class=\"wha-clue\" data-counter=\"12\">12. Sottile strato biancastro e ceroso presente sull&#039;acino<\/div>\r\n                      <\/div><div class=\"wha-line\">\r\n                      <input class=\"wha-word\" data-counter=\"13\" type=\"hidden\" value=\"antociani\"\/>\r\n                      <div class=\"wha-clue\" data-counter=\"13\">13. Polifenoli responsabili del colore rosso<\/div>\r\n                      <\/div><div class=\"wha-line\">\r\n                      <input class=\"wha-word\" data-counter=\"14\" type=\"hidden\" value=\"Flavanoli\"\/>\r\n                      <div class=\"wha-clue\" data-counter=\"14\">14. Lo sono catechine e leucoantociani<\/div>\r\n                      <\/div><div class=\"wha-line\">\r\n                      <input class=\"wha-word\" data-counter=\"15\" type=\"hidden\" value=\"ascomycota\"\/>\r\n                      <div class=\"wha-clue\" data-counter=\"15\">15. Fungo che causa lo Oidio<\/div>\r\n                      <\/div><div class=\"wha-line\">\r\n                      <input class=\"wha-word\" data-counter=\"16\" type=\"hidden\" value=\"poltigliabordolese\"\/>\r\n                      <div class=\"wha-clue\" data-counter=\"16\">16. Rimedio comune contro la peronospora<\/div>\r\n                      <\/div><\/div><\/div><div class=\"clearfix\"><\/div><style><\/style><script><\/script><script>\r\n        \/* <![CDATA[ *\/\r\n        var optional_crossword_vars = {\r\n            'whacw_optional_bg_color':'FFFFFF',\r\n            'whacw_optional_border_color':'000000',\r\n            'whacw_optional_text_color':'000000',\r\n            'whacw_optional_question_color':'A5328D',\r\n            'whacw_optional_counter_color':'000000',\r\n            'whacw_use_global_options':'no',\r\n            'whacw_correct_ansver':'yes',\r\n            'whacw_incorrect_ansver':'yes',\r\n            'whacw_align_question':'bottom',            \r\n            'whacw_question_width':'2000'            \r\n        };\r\n        \/* ]]> *\/\r\n        <\/script><div id=\"modal_form_crossword\">\r\n                    <span id=\"modal_close\">X<\/span>\r\n                    <div class=\"content\"><strong><span style=\"color: #800080;\">Bravissim\u0259! <\/span><\/strong>\r\n\r\n<strong><span style=\"color: #800080;\">Hai concluso brillantemente il cruciverba del Viticultore!<\/span> \u00a0? \u00a0? \u00a0?<\/strong>\r\n\r\n<strong><span style=\"color: #800080;\">Sfida i tuoi amici a fare altrettanto!<\/span><\/strong><\/div>\r\n                  <\/div>\r\n                  <div id=\"overlay\"><\/div>\n\n\n\n<p><\/p>\n","protected":false},"excerpt":{"rendered":"<p><span class=\"span-reading-time rt-reading-time\" style=\"display: block;\"><span class=\"rt-label rt-prefix\">Tempo di lettura: <\/span> <span class=\"rt-time\"> &lt; 1<\/span> <span class=\"rt-label rt-postfix\">minuto<\/span><\/span>Mettiti alla prova e risolvi il nuovo giochino di Vinosa.Questa volta il cruciverba \u00e8 dedicato ai viticoltori. P.S. Il cruciverba \u00e8 dinamico, quindi \u00e8 possibile che a volte la visualizzazione non sia all&#8217;interno dello spazio bianco. Basta ricaricare la pagina fino a che non arriva alla composizione che pi\u00f9 vi piace.<\/p>\n","protected":false},"author":1,"featured_media":3142,"parent":321,"menu_order":1,"comment_status":"closed","ping_status":"closed","template":"","meta":{"content-type":"","_uag_custom_page_level_css":"","jetpack_post_was_ever_published":false,"footnotes":""},"categories":[364],"tags":[],"class_list":["post-2332","page","type-page","status-publish","has-post-thumbnail","hentry","category-cruciverba"],"yoast_head":"<!-- This site is optimized with the Yoast SEO plugin v23.6 - https:\/\/yoast.com\/wordpress\/plugins\/seo\/ -->\n<title>Cruciverba del Viticoltore - VinOsa<\/title>\n<meta name=\"robots\" content=\"index, follow, max-snippet:-1, max-image-preview:large, max-video-preview:-1\" \/>\n<link rel=\"canonical\" href=\"https:\/\/vinosa.it\/en\/giochi-vinosi\/cruciverba-del-viticoltore\/\" \/>\n<meta property=\"og:locale\" content=\"en_US\" \/>\n<meta property=\"og:type\" content=\"article\" \/>\n<meta property=\"og:title\" content=\"Cruciverba del Viticoltore - VinOsa\" \/>\n<meta property=\"og:description\" content=\"Tempo di lettura:  &lt; 1 minutoMettiti alla prova e risolvi il nuovo giochino di Vinosa.Questa volta il cruciverba \u00e8 dedicato ai viticoltori. P.S. Il cruciverba \u00e8 dinamico, quindi \u00e8 possibile che a volte la visualizzazione non sia all&#8217;interno dello spazio bianco. Basta ricaricare la pagina fino a che non arriva alla composizione che pi\u00f9 vi piace.\" \/>\n<meta property=\"og:url\" content=\"https:\/\/vinosa.it\/en\/giochi-vinosi\/cruciverba-del-viticoltore\/\" \/>\n<meta property=\"og:site_name\" content=\"VinOsa\" \/>\n<meta property=\"article:publisher\" content=\"https:\/\/www.facebook.com\/leviamoicalici\/?modal=admin_todo_tour\" \/>\n<meta property=\"article:modified_time\" content=\"2021-11-29T07:21:42+00:00\" \/>\n<meta property=\"og:image\" content=\"https:\/\/vinosa.it\/wp-content\/uploads\/2021\/11\/Cruciverba-del-viticoltore-1024x576.png\" \/>\n\t<meta property=\"og:image:width\" content=\"1024\" \/>\n\t<meta property=\"og:image:height\" content=\"576\" \/>\n\t<meta property=\"og:image:type\" content=\"image\/png\" \/>\n<meta name=\"twitter:card\" content=\"summary_large_image\" \/>\n<meta name=\"twitter:site\" content=\"@it\" \/>\n<meta name=\"twitter:label1\" content=\"Est. reading time\" \/>\n\t<meta name=\"twitter:data1\" content=\"1 minute\" \/>\n<script type=\"application\/ld+json\" class=\"yoast-schema-graph\">{\"@context\":\"https:\/\/schema.org\",\"@graph\":[{\"@type\":\"WebPage\",\"@id\":\"https:\/\/vinosa.it\/en\/giochi-vinosi\/cruciverba-del-viticoltore\/\",\"url\":\"https:\/\/vinosa.it\/en\/giochi-vinosi\/cruciverba-del-viticoltore\/\",\"name\":\"Cruciverba del Viticoltore - VinOsa\",\"isPartOf\":{\"@id\":\"https:\/\/vinosa.it\/en\/#website\"},\"primaryImageOfPage\":{\"@id\":\"https:\/\/vinosa.it\/en\/giochi-vinosi\/cruciverba-del-viticoltore\/#primaryimage\"},\"image\":{\"@id\":\"https:\/\/vinosa.it\/en\/giochi-vinosi\/cruciverba-del-viticoltore\/#primaryimage\"},\"thumbnailUrl\":\"https:\/\/vinosa.it\/wp-content\/uploads\/2021\/11\/Cruciverba-del-viticoltore.png\",\"datePublished\":\"2021-01-22T11:35:32+00:00\",\"dateModified\":\"2021-11-29T07:21:42+00:00\",\"breadcrumb\":{\"@id\":\"https:\/\/vinosa.it\/en\/giochi-vinosi\/cruciverba-del-viticoltore\/#breadcrumb\"},\"inLanguage\":\"en-US\",\"potentialAction\":[{\"@type\":\"ReadAction\",\"target\":[\"https:\/\/vinosa.it\/en\/giochi-vinosi\/cruciverba-del-viticoltore\/\"]}]},{\"@type\":\"ImageObject\",\"inLanguage\":\"en-US\",\"@id\":\"https:\/\/vinosa.it\/en\/giochi-vinosi\/cruciverba-del-viticoltore\/#primaryimage\",\"url\":\"https:\/\/vinosa.it\/wp-content\/uploads\/2021\/11\/Cruciverba-del-viticoltore.png\",\"contentUrl\":\"https:\/\/vinosa.it\/wp-content\/uploads\/2021\/11\/Cruciverba-del-viticoltore.png\",\"width\":2400,\"height\":1350},{\"@type\":\"BreadcrumbList\",\"@id\":\"https:\/\/vinosa.it\/en\/giochi-vinosi\/cruciverba-del-viticoltore\/#breadcrumb\",\"itemListElement\":[{\"@type\":\"ListItem\",\"position\":1,\"name\":\"Home\",\"item\":\"https:\/\/vinosa.it\/en\/\"},{\"@type\":\"ListItem\",\"position\":2,\"name\":\"Giochi\",\"item\":\"https:\/\/vinosa.it\/en\/giochi-vinosi\/\"},{\"@type\":\"ListItem\",\"position\":3,\"name\":\"Cruciverba del Viticoltore\"}]},{\"@type\":\"WebSite\",\"@id\":\"https:\/\/vinosa.it\/en\/#website\",\"url\":\"https:\/\/vinosa.it\/en\/\",\"name\":\"VinOsa\",\"description\":\"passeggiate temerarie tra i bicchieri\",\"publisher\":{\"@id\":\"https:\/\/vinosa.it\/en\/#\/schema\/person\/376eb1d13ed81492fd979224d7ecf9c3\"},\"potentialAction\":[{\"@type\":\"SearchAction\",\"target\":{\"@type\":\"EntryPoint\",\"urlTemplate\":\"https:\/\/vinosa.it\/en\/?s={search_term_string}\"},\"query-input\":{\"@type\":\"PropertyValueSpecification\",\"valueRequired\":true,\"valueName\":\"search_term_string\"}}],\"inLanguage\":\"en-US\"},{\"@type\":[\"Person\",\"Organization\"],\"@id\":\"https:\/\/vinosa.it\/en\/#\/schema\/person\/376eb1d13ed81492fd979224d7ecf9c3\",\"name\":\"vinosa\",\"image\":{\"@type\":\"ImageObject\",\"inLanguage\":\"en-US\",\"@id\":\"https:\/\/vinosa.it\/en\/#\/schema\/person\/image\/\",\"url\":\"https:\/\/vinosa.it\/wp-content\/uploads\/2021\/05\/cropped-cropped-VinOsa-new-trasparente-2-2.png\",\"contentUrl\":\"https:\/\/vinosa.it\/wp-content\/uploads\/2021\/05\/cropped-cropped-VinOsa-new-trasparente-2-2.png\",\"width\":697,\"height\":225,\"caption\":\"vinosa\"},\"logo\":{\"@id\":\"https:\/\/vinosa.it\/en\/#\/schema\/person\/image\/\"},\"sameAs\":[\"http:\/\/www.vinosa.it\",\"https:\/\/www.facebook.com\/leviamoicalici\/?modal=admin_todo_tour\",\"https:\/\/www.instagram.com\/vin.osa\/?hl=it\",\"https:\/\/x.com\/leviamoicalici@vinosa.it\"]}]}<\/script>\n<!-- \/ Yoast SEO plugin. -->","yoast_head_json":{"title":"Cruciverba del Viticoltore - VinOsa","robots":{"index":"index","follow":"follow","max-snippet":"max-snippet:-1","max-image-preview":"max-image-preview:large","max-video-preview":"max-video-preview:-1"},"canonical":"https:\/\/vinosa.it\/en\/giochi-vinosi\/cruciverba-del-viticoltore\/","og_locale":"en_US","og_type":"article","og_title":"Cruciverba del Viticoltore - VinOsa","og_description":"Tempo di lettura:  &lt; 1 minutoMettiti alla prova e risolvi il nuovo giochino di Vinosa.Questa volta il cruciverba \u00e8 dedicato ai viticoltori. P.S. Il cruciverba \u00e8 dinamico, quindi \u00e8 possibile che a volte la visualizzazione non sia all&#8217;interno dello spazio bianco. Basta ricaricare la pagina fino a che non arriva alla composizione che pi\u00f9 vi piace.","og_url":"https:\/\/vinosa.it\/en\/giochi-vinosi\/cruciverba-del-viticoltore\/","og_site_name":"VinOsa","article_publisher":"https:\/\/www.facebook.com\/leviamoicalici\/?modal=admin_todo_tour","article_modified_time":"2021-11-29T07:21:42+00:00","og_image":[{"width":1024,"height":576,"url":"https:\/\/vinosa.it\/wp-content\/uploads\/2021\/11\/Cruciverba-del-viticoltore-1024x576.png","type":"image\/png"}],"twitter_card":"summary_large_image","twitter_site":"@it","twitter_misc":{"Est. reading time":"1 minute"},"schema":{"@context":"https:\/\/schema.org","@graph":[{"@type":"WebPage","@id":"https:\/\/vinosa.it\/en\/giochi-vinosi\/cruciverba-del-viticoltore\/","url":"https:\/\/vinosa.it\/en\/giochi-vinosi\/cruciverba-del-viticoltore\/","name":"Cruciverba del Viticoltore - VinOsa","isPartOf":{"@id":"https:\/\/vinosa.it\/en\/#website"},"primaryImageOfPage":{"@id":"https:\/\/vinosa.it\/en\/giochi-vinosi\/cruciverba-del-viticoltore\/#primaryimage"},"image":{"@id":"https:\/\/vinosa.it\/en\/giochi-vinosi\/cruciverba-del-viticoltore\/#primaryimage"},"thumbnailUrl":"https:\/\/vinosa.it\/wp-content\/uploads\/2021\/11\/Cruciverba-del-viticoltore.png","datePublished":"2021-01-22T11:35:32+00:00","dateModified":"2021-11-29T07:21:42+00:00","breadcrumb":{"@id":"https:\/\/vinosa.it\/en\/giochi-vinosi\/cruciverba-del-viticoltore\/#breadcrumb"},"inLanguage":"en-US","potentialAction":[{"@type":"ReadAction","target":["https:\/\/vinosa.it\/en\/giochi-vinosi\/cruciverba-del-viticoltore\/"]}]},{"@type":"ImageObject","inLanguage":"en-US","@id":"https:\/\/vinosa.it\/en\/giochi-vinosi\/cruciverba-del-viticoltore\/#primaryimage","url":"https:\/\/vinosa.it\/wp-content\/uploads\/2021\/11\/Cruciverba-del-viticoltore.png","contentUrl":"https:\/\/vinosa.it\/wp-content\/uploads\/2021\/11\/Cruciverba-del-viticoltore.png","width":2400,"height":1350},{"@type":"BreadcrumbList","@id":"https:\/\/vinosa.it\/en\/giochi-vinosi\/cruciverba-del-viticoltore\/#breadcrumb","itemListElement":[{"@type":"ListItem","position":1,"name":"Home","item":"https:\/\/vinosa.it\/en\/"},{"@type":"ListItem","position":2,"name":"Giochi","item":"https:\/\/vinosa.it\/en\/giochi-vinosi\/"},{"@type":"ListItem","position":3,"name":"Cruciverba del Viticoltore"}]},{"@type":"WebSite","@id":"https:\/\/vinosa.it\/en\/#website","url":"https:\/\/vinosa.it\/en\/","name":"VinOsa","description":"passeggiate temerarie tra i bicchieri","publisher":{"@id":"https:\/\/vinosa.it\/en\/#\/schema\/person\/376eb1d13ed81492fd979224d7ecf9c3"},"potentialAction":[{"@type":"SearchAction","target":{"@type":"EntryPoint","urlTemplate":"https:\/\/vinosa.it\/en\/?s={search_term_string}"},"query-input":{"@type":"PropertyValueSpecification","valueRequired":true,"valueName":"search_term_string"}}],"inLanguage":"en-US"},{"@type":["Person","Organization"],"@id":"https:\/\/vinosa.it\/en\/#\/schema\/person\/376eb1d13ed81492fd979224d7ecf9c3","name":"vinosa","image":{"@type":"ImageObject","inLanguage":"en-US","@id":"https:\/\/vinosa.it\/en\/#\/schema\/person\/image\/","url":"https:\/\/vinosa.it\/wp-content\/uploads\/2021\/05\/cropped-cropped-VinOsa-new-trasparente-2-2.png","contentUrl":"https:\/\/vinosa.it\/wp-content\/uploads\/2021\/05\/cropped-cropped-VinOsa-new-trasparente-2-2.png","width":697,"height":225,"caption":"vinosa"},"logo":{"@id":"https:\/\/vinosa.it\/en\/#\/schema\/person\/image\/"},"sameAs":["http:\/\/www.vinosa.it","https:\/\/www.facebook.com\/leviamoicalici\/?modal=admin_todo_tour","https:\/\/www.instagram.com\/vin.osa\/?hl=it","https:\/\/x.com\/leviamoicalici@vinosa.it"]}]}},"jetpack_sharing_enabled":true,"uagb_featured_image_src":{"full":["https:\/\/vinosa.it\/wp-content\/uploads\/2021\/11\/Cruciverba-del-viticoltore.png",2400,1350,false],"thumbnail":["https:\/\/vinosa.it\/wp-content\/uploads\/2021\/11\/Cruciverba-del-viticoltore-150x150.png",150,150,true],"medium":["https:\/\/vinosa.it\/wp-content\/uploads\/2021\/11\/Cruciverba-del-viticoltore-300x169.png",300,169,true],"medium_large":["https:\/\/vinosa.it\/wp-content\/uploads\/2021\/11\/Cruciverba-del-viticoltore-768x432.png",640,360,true],"large":["https:\/\/vinosa.it\/wp-content\/uploads\/2021\/11\/Cruciverba-del-viticoltore-1024x576.png",640,360,true],"1536x1536":["https:\/\/vinosa.it\/wp-content\/uploads\/2021\/11\/Cruciverba-del-viticoltore-1536x864.png",1536,864,true],"2048x2048":["https:\/\/vinosa.it\/wp-content\/uploads\/2021\/11\/Cruciverba-del-viticoltore-2048x1152.png",2048,1152,true],"mbt_book_image":["https:\/\/vinosa.it\/wp-content\/uploads\/2021\/11\/Cruciverba-del-viticoltore-800x450.png",800,450,true],"mbt_endorsement_image":["https:\/\/vinosa.it\/wp-content\/uploads\/2021\/11\/Cruciverba-del-viticoltore.png",711,400,false],"post-thumbnail":["https:\/\/vinosa.it\/wp-content\/uploads\/2021\/11\/Cruciverba-del-viticoltore.png",300,169,false],"flatmagazinews-grid":["https:\/\/vinosa.it\/wp-content\/uploads\/2021\/11\/Cruciverba-del-viticoltore.png",350,197,false],"flatmagazinews-slider":["https:\/\/vinosa.it\/wp-content\/uploads\/2021\/11\/Cruciverba-del-viticoltore.png",850,478,false],"flatmagazinews-small":["https:\/\/vinosa.it\/wp-content\/uploads\/2021\/11\/Cruciverba-del-viticoltore.png",300,169,false],"yarpp-thumbnail":["https:\/\/vinosa.it\/wp-content\/uploads\/2021\/11\/Cruciverba-del-viticoltore.png",120,68,false],"awb_sm":["https:\/\/vinosa.it\/wp-content\/uploads\/2021\/11\/Cruciverba-del-viticoltore-500x281.png",500,281,true],"awb_md":["https:\/\/vinosa.it\/wp-content\/uploads\/2021\/11\/Cruciverba-del-viticoltore-800x450.png",800,450,true],"awb_lg":["https:\/\/vinosa.it\/wp-content\/uploads\/2021\/11\/Cruciverba-del-viticoltore-1280x720.png",1280,720,true],"awb_xl":["https:\/\/vinosa.it\/wp-content\/uploads\/2021\/11\/Cruciverba-del-viticoltore-1920x1080.png",1920,1080,true]},"uagb_author_info":{"display_name":"vinosa","author_link":"https:\/\/vinosa.it\/en\/author\/vinosa\/"},"uagb_comment_info":0,"uagb_excerpt":"Tempo di lettura: &lt; 1 minutoMettiti alla prova e risolvi il nuovo giochino di Vinosa.Questa volta il cruciverba \u00e8 dedicato ai viticoltori. P.S. Il cruciverba \u00e8 dinamico, quindi \u00e8 possibile che a volte la visualizzazione non sia all&#8217;interno dello spazio bianco. Basta ricaricare la pagina fino a che non arriva alla composizione che pi\u00f9 vi&hellip;","jetpack_shortlink":"https:\/\/wp.me\/PbI5Es-BC","amp_enabled":true,"_links":{"self":[{"href":"https:\/\/vinosa.it\/en\/wp-json\/wp\/v2\/pages\/2332"}],"collection":[{"href":"https:\/\/vinosa.it\/en\/wp-json\/wp\/v2\/pages"}],"about":[{"href":"https:\/\/vinosa.it\/en\/wp-json\/wp\/v2\/types\/page"}],"author":[{"embeddable":true,"href":"https:\/\/vinosa.it\/en\/wp-json\/wp\/v2\/users\/1"}],"replies":[{"embeddable":true,"href":"https:\/\/vinosa.it\/en\/wp-json\/wp\/v2\/comments?post=2332"}],"version-history":[{"count":0,"href":"https:\/\/vinosa.it\/en\/wp-json\/wp\/v2\/pages\/2332\/revisions"}],"up":[{"embeddable":true,"href":"https:\/\/vinosa.it\/en\/wp-json\/wp\/v2\/pages\/321"}],"wp:featuredmedia":[{"embeddable":true,"href":"https:\/\/vinosa.it\/en\/wp-json\/wp\/v2\/media\/3142"}],"wp:attachment":[{"href":"https:\/\/vinosa.it\/en\/wp-json\/wp\/v2\/media?parent=2332"}],"wp:term":[{"taxonomy":"category","embeddable":true,"href":"https:\/\/vinosa.it\/en\/wp-json\/wp\/v2\/categories?post=2332"},{"taxonomy":"post_tag","embeddable":true,"href":"https:\/\/vinosa.it\/en\/wp-json\/wp\/v2\/tags?post=2332"}],"curies":[{"name":"wp","href":"https:\/\/api.w.org\/{rel}","templated":true}]}}